{"id":24,"date":"2025-09-16T08:01:11","date_gmt":"2025-09-16T08:01:11","guid":{"rendered":"https:\/\/maisondesadirondacks.fr\/?page_id=24"},"modified":"2025-09-16T11:07:29","modified_gmt":"2025-09-16T11:07:29","slug":"elementor-page-24","status":"publish","type":"page","link":"https:\/\/maisondesadirondacks.fr\/en\/elementor-page-24\/","title":{"rendered":"La Maison des Adirondacks"},"content":{"rendered":"<div data-elementor-type=\"wp-page\" data-elementor-id=\"24\" class=\"elementor elementor-24\">\n\t\t\t\t<div class=\"elementor-element elementor-element-91501e9 e-con-full e-flex e-con e-parent\" data-id=\"91501e9\" data-element_type=\"container\" data-e-type=\"container\">\n\t\t\t\t<div class=\"elementor-element elementor-element-84b1cfe elementor-widget elementor-widget-text-editor\" data-id=\"84b1cfe\" data-element_type=\"widget\" data-e-type=\"widget\" data-widget_type=\"text-editor.default\">\n\t\t\t\t\t\t\t\t\t<div>\u00c0 la fin du XVIe si\u00e8cle, apr\u00e8s l&rsquo;\u00c9dit de Nantes, l&rsquo;immeuble qui accueille aujourd&rsquo;hui \u00ab\u00a0La Maison des Adirondacks\u00a0\u00bb fut \u00e9difi\u00e9 par les Huguenots pour leur servir de pr\u00eache.<\/div><div><\/div><div>Entrains fut en effet un haut-lieu du protestantisme pendant les ann\u00e9es tumultueuses des guerres de religion.<\/div><div>Pratiquement toutes les caves des maisons du village, construites sur les soubassements gallo-romains, communiquaient autrefois entre elles, et permettaient d&rsquo;acc\u00e9der \u00e0 des passages souterrains, qui d\u00e9bouchaient \u00e0 plusieurs kilom\u00e8tres en rase campagne.<\/div><div><\/div><div>Ainsi, les habitants de cette bourgade pouvaient-ils parfois \u00e9chapper aux arm\u00e9es de leurs agresseurs.<\/div><div>C&rsquo;est pourquoi \u00ab\u00a0La Maison des Adirondacks\u00a0\u00bb comporte notamment deux petites salles aux plafonds en ogive qui servaient autrefois de chapelle, un escalier en pierre en colima\u00e7on menant \u00e0 de larges pi\u00e8ces orn\u00e9es de plafonds \u00e0 la fran\u00e7aise, et une belle cave gothique portant encore la trace de son passage souterrain.<\/div><div>Cette b\u00e2tisse \u00e0 deux \u00e9tages, offre une belle vue sur le village et la campagne environnante.<\/div>\t\t\t\t\t\t\t\t<\/div>\n\t\t\t\t<\/div>\n\t\t<div class=\"elementor-element elementor-element-d03d558 e-flex e-con-boxed e-con e-parent\" data-id=\"d03d558\" data-element_type=\"container\" data-e-type=\"container\">\n\t\t\t\t\t<div class=\"e-con-inner\">\n\t\t\t\t<div class=\"elementor-element elementor-element-7143212 elementor-arrows-position-inside elementor-pagination-position-outside elementor-widget elementor-widget-image-carousel\" data-id=\"7143212\" data-element_type=\"widget\" data-e-type=\"widget\" data-settings=\"{&quot;slides_to_show&quot;:&quot;1&quot;,&quot;navigation&quot;:&quot;both&quot;,&quot;autoplay&quot;:&quot;yes&quot;,&quot;pause_on_hover&quot;:&quot;yes&quot;,&quot;pause_on_interaction&quot;:&quot;yes&quot;,&quot;autoplay_speed&quot;:5000,&quot;infinite&quot;:&quot;yes&quot;,&quot;effect&quot;:&quot;slide&quot;,&quot;speed&quot;:500}\" data-widget_type=\"image-carousel.default\">\n\t\t\t\t\t\t\t<div class=\"elementor-image-carousel-wrapper swiper\" role=\"region\" aria-roledescription=\"carousel\" aria-label=\"Carrousel d\u2019images\" dir=\"ltr\">\n\t\t\t<div class=\"elementor-image-carousel swiper-wrapper\" aria-live=\"off\">\n\t\t\t\t\t\t\t\t<div class=\"swiper-slide\" role=\"group\" aria-roledescription=\"slide\" aria-label=\"1 sur 8\"><figure class=\"swiper-slide-inner\"><img decoding=\"async\" class=\"swiper-slide-image\" src=\"https:\/\/maisondesadirondacks.fr\/wp-content\/uploads\/2025\/09\/1.FACADE-1-1024x768.jpg\" alt=\"1.FACADE\" \/><\/figure><\/div><div class=\"swiper-slide\" role=\"group\" aria-roledescription=\"slide\" aria-label=\"2 sur 8\"><figure class=\"swiper-slide-inner\"><img decoding=\"async\" class=\"swiper-slide-image\" src=\"https:\/\/maisondesadirondacks.fr\/wp-content\/uploads\/2025\/09\/2.ARRIERE-1024x680.jpg\" alt=\"2.ARRIERE\" \/><\/figure><\/div><div class=\"swiper-slide\" role=\"group\" aria-roledescription=\"slide\" aria-label=\"3 sur 8\"><figure class=\"swiper-slide-inner\"><img decoding=\"async\" class=\"swiper-slide-image\" src=\"https:\/\/maisondesadirondacks.fr\/wp-content\/uploads\/2025\/09\/3.ENTREE.jpg\" alt=\"3.ENTRE\u0301E\" \/><\/figure><\/div><div class=\"swiper-slide\" role=\"group\" aria-roledescription=\"slide\" aria-label=\"4 sur 8\"><figure class=\"swiper-slide-inner\"><img decoding=\"async\" class=\"swiper-slide-image\" src=\"https:\/\/maisondesadirondacks.fr\/wp-content\/uploads\/2025\/09\/4.ETAGE1_.jpg\" alt=\"4.ETAGE1\" \/><\/figure><\/div><div class=\"swiper-slide\" role=\"group\" aria-roledescription=\"slide\" aria-label=\"5 sur 8\"><figure class=\"swiper-slide-inner\"><img decoding=\"async\" class=\"swiper-slide-image\" src=\"https:\/\/maisondesadirondacks.fr\/wp-content\/uploads\/2025\/09\/5.SDB_.jpg\" alt=\"5.SDB\" \/><\/figure><\/div><div class=\"swiper-slide\" role=\"group\" aria-roledescription=\"slide\" aria-label=\"6 sur 8\"><figure class=\"swiper-slide-inner\"><img decoding=\"async\" class=\"swiper-slide-image\" src=\"https:\/\/maisondesadirondacks.fr\/wp-content\/uploads\/2025\/09\/6.ETAGE2_.jpg\" alt=\"6.ETAGE2\" \/><\/figure><\/div><div class=\"swiper-slide\" role=\"group\" aria-roledescription=\"slide\" aria-label=\"7 sur 8\"><figure class=\"swiper-slide-inner\"><img decoding=\"async\" class=\"swiper-slide-image\" src=\"https:\/\/maisondesadirondacks.fr\/wp-content\/uploads\/2025\/09\/7ETAGE3.jpg\" alt=\"7ETAGE3\" \/><\/figure><\/div><div class=\"swiper-slide\" role=\"group\" aria-roledescription=\"slide\" aria-label=\"8 sur 8\"><figure class=\"swiper-slide-inner\"><img decoding=\"async\" class=\"swiper-slide-image\" src=\"https:\/\/maisondesadirondacks.fr\/wp-content\/uploads\/2025\/09\/maison-des-adirondacks_3197_1.jpg\" alt=\"maison-des-adirondacks_3197_1\" \/><\/figure><\/div>\t\t\t<\/div>\n\t\t\t\t\t\t\t\t\t\t\t\t<div class=\"elementor-swiper-button elementor-swiper-button-prev\" role=\"button\" tabindex=\"0\">\n\t\t\t\t\t\t<svg aria-hidden=\"true\" class=\"e-font-icon-svg e-eicon-chevron-left\" viewbox=\"0 0 1000 1000\" xmlns=\"http:\/\/www.w3.org\/2000\/svg\"><path d=\"M646 125C629 125 613 133 604 142L308 442C296 454 292 471 292 487 292 504 296 521 308 533L604 854C617 867 629 875 646 875 663 875 679 871 692 858 704 846 713 829 713 812 713 796 708 779 692 767L438 487 692 225C700 217 708 204 708 187 708 171 704 154 692 142 675 129 663 125 646 125Z\"><\/path><\/svg>\t\t\t\t\t<\/div>\n\t\t\t\t\t<div class=\"elementor-swiper-button elementor-swiper-button-next\" role=\"button\" tabindex=\"0\">\n\t\t\t\t\t\t<svg aria-hidden=\"true\" class=\"e-font-icon-svg e-eicon-chevron-right\" viewbox=\"0 0 1000 1000\" xmlns=\"http:\/\/www.w3.org\/2000\/svg\"><path d=\"M696 533C708 521 713 504 713 487 713 471 708 454 696 446L400 146C388 133 375 125 354 125 338 125 325 129 313 142 300 154 292 171 292 187 292 204 296 221 308 233L563 492 304 771C292 783 288 800 288 817 288 833 296 850 308 863 321 871 338 875 354 875 371 875 388 867 400 854L696 533Z\"><\/path><\/svg>\t\t\t\t\t<\/div>\n\t\t\t\t\n\t\t\t\t\t\t\t\t\t<div class=\"swiper-pagination\"><\/div>\n\t\t\t\t\t\t\t\t\t<\/div>\n\t\t\t\t\t\t<\/div>\n\t\t\t\t\t<\/div>\n\t\t\t\t<\/div>\n\t\t\t\t<\/div>","protected":false},"excerpt":{"rendered":"<p>\u00c0 la fin du XVIe si\u00e8cle, apr\u00e8s l&rsquo;\u00c9dit de Nantes, l&rsquo;immeuble qui accueille aujourd&rsquo;hui \u00ab\u00a0La Maison des Adirondacks\u00a0\u00bb fut \u00e9difi\u00e9 par les Huguenots pour leur servir de pr\u00eache.Entrains fut en effet un haut-lieu du protestantisme pendant les ann\u00e9es tumultueuses des guerres de religion.Pratiquement toutes les caves des maisons du village, [&hellip;]<\/p>\n","protected":false},"author":1,"featured_media":0,"parent":0,"menu_order":0,"comment_status":"closed","ping_status":"closed","template":"","meta":{"_themeisle_gutenberg_block_has_review":false,"footnotes":""},"class_list":["post-24","page","type-page","status-publish","hentry"],"yoast_head":"<!-- This site is optimized with the Yoast SEO plugin v27.3 - https:\/\/yoast.com\/product\/yoast-seo-wordpress\/ -->\n<title>La Maison des Adirondacks - Maison des Adirondacks<\/title>\n<meta name=\"robots\" content=\"index, follow, max-snippet:-1, max-image-preview:large, max-video-preview:-1\" \/>\n<link rel=\"canonical\" href=\"https:\/\/maisondesadirondacks.fr\/en\/elementor-page-24\/\" \/>\n<meta property=\"og:locale\" content=\"en_US\" \/>\n<meta property=\"og:type\" content=\"article\" \/>\n<meta property=\"og:title\" content=\"La Maison des Adirondacks - Maison des Adirondacks\" \/>\n<meta property=\"og:description\" content=\"\u00c0 la fin du XVIe si\u00e8cle, apr\u00e8s l&rsquo;\u00c9dit de Nantes, l&rsquo;immeuble qui accueille aujourd&rsquo;hui \u00ab\u00a0La Maison des Adirondacks\u00a0\u00bb fut \u00e9difi\u00e9 par les Huguenots pour leur servir de pr\u00eache.Entrains fut en effet un haut-lieu du protestantisme pendant les ann\u00e9es tumultueuses des guerres de religion.Pratiquement toutes les caves des maisons du village, [&hellip;]\" \/>\n<meta property=\"og:url\" content=\"https:\/\/maisondesadirondacks.fr\/en\/elementor-page-24\/\" \/>\n<meta property=\"og:site_name\" content=\"Maison des Adirondacks\" \/>\n<meta property=\"article:modified_time\" content=\"2025-09-16T11:07:29+00:00\" \/>\n<meta property=\"og:image\" content=\"https:\/\/maisondesadirondacks.fr\/wp-content\/uploads\/2025\/09\/1.FACADE-1-1024x768.jpg\" \/>\n<meta name=\"twitter:card\" content=\"summary_large_image\" \/>\n<meta name=\"twitter:label1\" content=\"Est. reading time\" \/>\n\t<meta name=\"twitter:data1\" content=\"3 minutes\" \/>\n<script type=\"application\/ld+json\" class=\"yoast-schema-graph\">{\"@context\":\"https:\\\/\\\/schema.org\",\"@graph\":[{\"@type\":\"WebPage\",\"@id\":\"https:\\\/\\\/maisondesadirondacks.fr\\\/elementor-page-24\\\/\",\"url\":\"https:\\\/\\\/maisondesadirondacks.fr\\\/elementor-page-24\\\/\",\"name\":\"La Maison des Adirondacks - Maison des Adirondacks\",\"isPartOf\":{\"@id\":\"https:\\\/\\\/maisondesadirondacks.fr\\\/#website\"},\"primaryImageOfPage\":{\"@id\":\"https:\\\/\\\/maisondesadirondacks.fr\\\/elementor-page-24\\\/#primaryimage\"},\"image\":{\"@id\":\"https:\\\/\\\/maisondesadirondacks.fr\\\/elementor-page-24\\\/#primaryimage\"},\"thumbnailUrl\":\"https:\\\/\\\/maisondesadirondacks.fr\\\/wp-content\\\/uploads\\\/2025\\\/09\\\/1.FACADE-1-1024x768.jpg\",\"datePublished\":\"2025-09-16T08:01:11+00:00\",\"dateModified\":\"2025-09-16T11:07:29+00:00\",\"breadcrumb\":{\"@id\":\"https:\\\/\\\/maisondesadirondacks.fr\\\/elementor-page-24\\\/#breadcrumb\"},\"inLanguage\":\"en-US\",\"potentialAction\":[{\"@type\":\"ReadAction\",\"target\":[\"https:\\\/\\\/maisondesadirondacks.fr\\\/elementor-page-24\\\/\"]}]},{\"@type\":\"ImageObject\",\"inLanguage\":\"en-US\",\"@id\":\"https:\\\/\\\/maisondesadirondacks.fr\\\/elementor-page-24\\\/#primaryimage\",\"url\":\"https:\\\/\\\/maisondesadirondacks.fr\\\/wp-content\\\/uploads\\\/2025\\\/09\\\/1.FACADE-1-1024x768.jpg\",\"contentUrl\":\"https:\\\/\\\/maisondesadirondacks.fr\\\/wp-content\\\/uploads\\\/2025\\\/09\\\/1.FACADE-1-1024x768.jpg\"},{\"@type\":\"BreadcrumbList\",\"@id\":\"https:\\\/\\\/maisondesadirondacks.fr\\\/elementor-page-24\\\/#breadcrumb\",\"itemListElement\":[{\"@type\":\"ListItem\",\"position\":1,\"name\":\"Accueil\",\"item\":\"https:\\\/\\\/maisondesadirondacks.fr\\\/\"},{\"@type\":\"ListItem\",\"position\":2,\"name\":\"La Maison des Adirondacks\"}]},{\"@type\":\"WebSite\",\"@id\":\"https:\\\/\\\/maisondesadirondacks.fr\\\/#website\",\"url\":\"https:\\\/\\\/maisondesadirondacks.fr\\\/\",\"name\":\"Maison des Adirondacks\",\"description\":\"\",\"potentialAction\":[{\"@type\":\"SearchAction\",\"target\":{\"@type\":\"EntryPoint\",\"urlTemplate\":\"https:\\\/\\\/maisondesadirondacks.fr\\\/?s={search_term_string}\"},\"query-input\":{\"@type\":\"PropertyValueSpecification\",\"valueRequired\":true,\"valueName\":\"search_term_string\"}}],\"inLanguage\":\"en-US\"}]}<\/script>\n<!-- \/ Yoast SEO plugin. -->","yoast_head_json":{"title":"La Maison des Adirondacks - Maison des Adirondacks","robots":{"index":"index","follow":"follow","max-snippet":"max-snippet:-1","max-image-preview":"max-image-preview:large","max-video-preview":"max-video-preview:-1"},"canonical":"https:\/\/maisondesadirondacks.fr\/en\/elementor-page-24\/","og_locale":"en_US","og_type":"article","og_title":"La Maison des Adirondacks - Maison des Adirondacks","og_description":"\u00c0 la fin du XVIe si\u00e8cle, apr\u00e8s l&rsquo;\u00c9dit de Nantes, l&rsquo;immeuble qui accueille aujourd&rsquo;hui \u00ab\u00a0La Maison des Adirondacks\u00a0\u00bb fut \u00e9difi\u00e9 par les Huguenots pour leur servir de pr\u00eache.Entrains fut en effet un haut-lieu du protestantisme pendant les ann\u00e9es tumultueuses des guerres de religion.Pratiquement toutes les caves des maisons du village, [&hellip;]","og_url":"https:\/\/maisondesadirondacks.fr\/en\/elementor-page-24\/","og_site_name":"Maison des Adirondacks","article_modified_time":"2025-09-16T11:07:29+00:00","og_image":[{"url":"https:\/\/maisondesadirondacks.fr\/wp-content\/uploads\/2025\/09\/1.FACADE-1-1024x768.jpg","type":"","width":"","height":""}],"twitter_card":"summary_large_image","twitter_misc":{"Est. reading time":"3 minutes"},"schema":{"@context":"https:\/\/schema.org","@graph":[{"@type":"WebPage","@id":"https:\/\/maisondesadirondacks.fr\/elementor-page-24\/","url":"https:\/\/maisondesadirondacks.fr\/elementor-page-24\/","name":"La Maison des Adirondacks - Maison des Adirondacks","isPartOf":{"@id":"https:\/\/maisondesadirondacks.fr\/#website"},"primaryImageOfPage":{"@id":"https:\/\/maisondesadirondacks.fr\/elementor-page-24\/#primaryimage"},"image":{"@id":"https:\/\/maisondesadirondacks.fr\/elementor-page-24\/#primaryimage"},"thumbnailUrl":"https:\/\/maisondesadirondacks.fr\/wp-content\/uploads\/2025\/09\/1.FACADE-1-1024x768.jpg","datePublished":"2025-09-16T08:01:11+00:00","dateModified":"2025-09-16T11:07:29+00:00","breadcrumb":{"@id":"https:\/\/maisondesadirondacks.fr\/elementor-page-24\/#breadcrumb"},"inLanguage":"en-US","potentialAction":[{"@type":"ReadAction","target":["https:\/\/maisondesadirondacks.fr\/elementor-page-24\/"]}]},{"@type":"ImageObject","inLanguage":"en-US","@id":"https:\/\/maisondesadirondacks.fr\/elementor-page-24\/#primaryimage","url":"https:\/\/maisondesadirondacks.fr\/wp-content\/uploads\/2025\/09\/1.FACADE-1-1024x768.jpg","contentUrl":"https:\/\/maisondesadirondacks.fr\/wp-content\/uploads\/2025\/09\/1.FACADE-1-1024x768.jpg"},{"@type":"BreadcrumbList","@id":"https:\/\/maisondesadirondacks.fr\/elementor-page-24\/#breadcrumb","itemListElement":[{"@type":"ListItem","position":1,"name":"Accueil","item":"https:\/\/maisondesadirondacks.fr\/"},{"@type":"ListItem","position":2,"name":"La Maison des Adirondacks"}]},{"@type":"WebSite","@id":"https:\/\/maisondesadirondacks.fr\/#website","url":"https:\/\/maisondesadirondacks.fr\/","name":"Maison des Adirondacks","description":"","potentialAction":[{"@type":"SearchAction","target":{"@type":"EntryPoint","urlTemplate":"https:\/\/maisondesadirondacks.fr\/?s={search_term_string}"},"query-input":{"@type":"PropertyValueSpecification","valueRequired":true,"valueName":"search_term_string"}}],"inLanguage":"en-US"}]}},"_links":{"self":[{"href":"https:\/\/maisondesadirondacks.fr\/en\/wp-json\/wp\/v2\/pages\/24","targetHints":{"allow":["GET"]}}],"collection":[{"href":"https:\/\/maisondesadirondacks.fr\/en\/wp-json\/wp\/v2\/pages"}],"about":[{"href":"https:\/\/maisondesadirondacks.fr\/en\/wp-json\/wp\/v2\/types\/page"}],"author":[{"embeddable":true,"href":"https:\/\/maisondesadirondacks.fr\/en\/wp-json\/wp\/v2\/users\/1"}],"replies":[{"embeddable":true,"href":"https:\/\/maisondesadirondacks.fr\/en\/wp-json\/wp\/v2\/comments?post=24"}],"version-history":[{"count":49,"href":"https:\/\/maisondesadirondacks.fr\/en\/wp-json\/wp\/v2\/pages\/24\/revisions"}],"predecessor-version":[{"id":165,"href":"https:\/\/maisondesadirondacks.fr\/en\/wp-json\/wp\/v2\/pages\/24\/revisions\/165"}],"wp:attachment":[{"href":"https:\/\/maisondesadirondacks.fr\/en\/wp-json\/wp\/v2\/media?parent=24"}],"curies":[{"name":"wp","href":"https:\/\/api.w.org\/{rel}","templated":true}]}}